{"id":6,"date":"2026-02-15T13:28:16","date_gmt":"2026-02-15T12:28:16","guid":{"rendered":"https:\/\/oliodorato.fr\/?page_id=6"},"modified":"2026-02-15T15:51:43","modified_gmt":"2026-02-15T14:51:43","slug":"accueil","status":"publish","type":"page","link":"https:\/\/oliodorato.fr\/","title":{"rendered":"Accueil"},"content":{"rendered":"\t\t<div data-elementor-type=\"wp-page\" data-elementor-id=\"6\" class=\"elementor elementor-6\" data-elementor-post-type=\"page\">\n\t\t\t\t<div class=\"elementor-element elementor-element-3551d06 e-flex e-con-boxed e-con e-parent\" data-id=\"3551d06\" data-element_type=\"container\" data-e-type=\"container\" data-settings=\"{&quot;background_background&quot;:&quot;slideshow&quot;,&quot;background_slideshow_gallery&quot;:[{&quot;id&quot;:47,&quot;url&quot;:&quot;https:\\\/\\\/oliodorato.fr\\\/wp-content\\\/uploads\\\/2026\\\/02\\\/tempImageYbtGvr-1-scaled.jpg&quot;}],&quot;background_slideshow_loop&quot;:&quot;yes&quot;,&quot;background_slideshow_slide_duration&quot;:5000,&quot;background_slideshow_slide_transition&quot;:&quot;fade&quot;,&quot;background_slideshow_transition_duration&quot;:500}\">\n\t\t\t\t\t<div class=\"e-con-inner\">\n\t\t\t\t<div class=\"elementor-element elementor-element-9717421 elementor-widget elementor-widget-heading\" data-id=\"9717421\" data-element_type=\"widget\" data-e-type=\"widget\" data-widget_type=\"heading.default\">\n\t\t\t\t\t<h1 class=\"elementor-heading-title elementor-size-default\">Olio Dorato<\/h1>\t\t\t\t<\/div>\n\t\t\t\t<div class=\"elementor-element elementor-element-f10dd42 elementor-widget elementor-widget-text-editor\" data-id=\"f10dd42\" data-element_type=\"widget\" data-e-type=\"widget\" data-widget_type=\"text-editor.default\">\n\t\t\t\t\t\t\t\t\t<p><b>Cr\u00e9ateur d&rsquo;\u00e9motions<\/b><\/p>\t\t\t\t\t\t\t\t<\/div>\n\t\t\t\t\t<\/div>\n\t\t\t\t<\/div>\n\t\t<div class=\"elementor-element elementor-element-5af6d3b e-flex e-con-boxed e-con e-parent\" data-id=\"5af6d3b\" data-element_type=\"container\" data-e-type=\"container\">\n\t\t\t\t\t<div class=\"e-con-inner\">\n\t\t\t\t<div class=\"elementor-element elementor-element-83f3022 elementor-widget elementor-widget-heading\" data-id=\"83f3022\" data-element_type=\"widget\" data-e-type=\"widget\" data-widget_type=\"heading.default\">\n\t\t\t\t\t<h2 class=\"elementor-heading-title elementor-size-default\">Producteur d'huile d'olive Extra vierge, oliologue et d\u00e9nicheur de produits authentiques<\/h2>\t\t\t\t<\/div>\n\t\t\t\t\t<\/div>\n\t\t\t\t<\/div>\n\t\t<div class=\"elementor-element elementor-element-d19c55e e-flex e-con-boxed e-con e-parent\" data-id=\"d19c55e\" data-element_type=\"container\" data-e-type=\"container\">\n\t\t\t\t\t<div class=\"e-con-inner\">\n\t\t\t\t<div class=\"woocommerce elementor-element elementor-element-75353a9 elementor-pagination-type-bullets elementor-arrows-position-inside elementor-pagination-position-outside elementor-widget elementor-widget-loop-carousel\" data-id=\"75353a9\" data-element_type=\"widget\" data-e-type=\"widget\" data-settings=\"{&quot;_skin&quot;:&quot;product_taxonomy&quot;,&quot;template_id&quot;:70,&quot;slides_to_show&quot;:&quot;3&quot;,&quot;slides_to_show_tablet&quot;:&quot;2&quot;,&quot;slides_to_show_mobile&quot;:&quot;1&quot;,&quot;slides_to_scroll&quot;:&quot;1&quot;,&quot;edit_handle_selector&quot;:&quot;.elementor-loop-container&quot;,&quot;autoplay&quot;:&quot;yes&quot;,&quot;autoplay_speed&quot;:5000,&quot;pause_on_hover&quot;:&quot;yes&quot;,&quot;pause_on_interaction&quot;:&quot;yes&quot;,&quot;infinite&quot;:&quot;yes&quot;,&quot;speed&quot;:500,&quot;offset_sides&quot;:&quot;none&quot;,&quot;arrows&quot;:&quot;yes&quot;,&quot;pagination&quot;:&quot;bullets&quot;,&quot;image_spacing_custom&quot;:{&quot;unit&quot;:&quot;px&quot;,&quot;size&quot;:10,&quot;sizes&quot;:[]},&quot;image_spacing_custom_tablet&quot;:{&quot;unit&quot;:&quot;px&quot;,&quot;size&quot;:&quot;&quot;,&quot;sizes&quot;:[]},&quot;image_spacing_custom_mobile&quot;:{&quot;unit&quot;:&quot;px&quot;,&quot;size&quot;:&quot;&quot;,&quot;sizes&quot;:[]}}\" data-widget_type=\"loop-carousel.product_taxonomy\">\n\t\t\t\t\t\t\t<div class=\"swiper elementor-loop-container elementor-grid\" role=\"list\" dir=\"ltr\">\n\t\t\t\t<div class=\"swiper-wrapper\" aria-live=\"off\">\n\t\t<style id=\"loop-70\">.elementor-70 .elementor-element.elementor-element-a958d6c{--display:flex;}.elementor-widget-woocommerce-products.elementor-wc-products ul.products li.product .woocommerce-loop-product__title{color:var( --e-global-color-primary );}.elementor-widget-woocommerce-products.elementor-wc-products ul.products li.product .woocommerce-loop-category__title{color:var( --e-global-color-primary );}.elementor-widget-woocommerce-products.elementor-wc-products ul.products li.product .woocommerce-loop-product__title, .elementor-widget-woocommerce-products.elementor-wc-products ul.products li.product .woocommerce-loop-category__title{font-family:var( --e-global-typography-primary-font-family ), Sans-serif;font-weight:var( --e-global-typography-primary-font-weight );}.elementor-widget-woocommerce-products.elementor-wc-products ul.products li.product .price{color:var( --e-global-color-primary );font-family:var( --e-global-typography-primary-font-family ), Sans-serif;font-weight:var( --e-global-typography-primary-font-weight );}.elementor-widget-woocommerce-products.elementor-wc-products ul.products li.product .price ins{color:var( --e-global-color-primary );}.elementor-widget-woocommerce-products.elementor-wc-products ul.products li.product .price ins .amount{color:var( --e-global-color-primary );}.elementor-widget-woocommerce-products.elementor-wc-products ul.products li.product .price del{color:var( --e-global-color-primary );}.elementor-widget-woocommerce-products.elementor-wc-products ul.products li.product .price del .amount{color:var( --e-global-color-primary );}.elementor-widget-woocommerce-products.elementor-wc-products ul.products li.product .price del {font-family:var( --e-global-typography-primary-font-family ), Sans-serif;font-weight:var( --e-global-typography-primary-font-weight );}.elementor-widget-woocommerce-products.elementor-wc-products ul.products li.product .button{font-family:var( --e-global-typography-accent-font-family ), Sans-serif;font-weight:var( --e-global-typography-accent-font-weight );}.elementor-widget-woocommerce-products.elementor-wc-products .added_to_cart{font-family:var( --e-global-typography-accent-font-family ), Sans-serif;font-weight:var( --e-global-typography-accent-font-weight );}.elementor-widget-woocommerce-products{--products-title-color:var( --e-global-color-primary );}.elementor-widget-woocommerce-products.products-heading-show .related-products > h2, .elementor-widget-woocommerce-products.products-heading-show .upsells > h2, .elementor-widget-woocommerce-products.products-heading-show .cross-sells > h2{font-family:var( --e-global-typography-primary-font-family ), Sans-serif;font-weight:var( --e-global-typography-primary-font-weight );}.elementor-70 .elementor-element.elementor-element-62cb6ee.elementor-wc-products  ul.products{grid-column-gap:20px;grid-row-gap:40px;}.elementor-70 .elementor-element.elementor-element-62cb6ee.elementor-wc-products ul.products li.product span.onsale{display:block;}@media(max-width:1024px){.elementor-70 .elementor-element.elementor-element-62cb6ee.elementor-wc-products  ul.products{grid-column-gap:20px;grid-row-gap:40px;}}@media(max-width:767px){.elementor-70 .elementor-element.elementor-element-62cb6ee.elementor-wc-products  ul.products{grid-column-gap:20px;grid-row-gap:40px;}}<\/style>\t\t<div data-elementor-type=\"loop-item\" data-elementor-id=\"70\" class=\"elementor elementor-70 swiper-slide e-loop-item e-loop-item-16 post-16 page type-page status-publish hentry\" data-elementor-post-type=\"elementor_library\" role=\"group\" aria-roledescription=\"slide\" data-custom-edit-handle=\"1\">\n\t\t\t<div class=\"elementor-element elementor-element-a958d6c e-con-full e-flex e-con e-parent\" data-id=\"a958d6c\" data-element_type=\"container\" data-e-type=\"container\">\n\t\t\t\t<div class=\"elementor-element elementor-element-62cb6ee elementor-grid-4 elementor-grid-tablet-3 elementor-grid-mobile-2 elementor-products-grid elementor-wc-products elementor-widget elementor-widget-woocommerce-products\" data-id=\"62cb6ee\" data-element_type=\"widget\" data-e-type=\"widget\" data-widget_type=\"woocommerce-products.default\">\n\t\t\t\t<div class=\"elementor-widget-container\">\n\t\t\t\t\t<div class=\"woocommerce columns-4 \"><ul class=\"products elementor-grid columns-4\">\n<li class=\"product type-product post-64 status-publish first instock product_cat-non-classe has-post-thumbnail shipping-taxable purchasable product-type-simple\">\n\t<a href=\"https:\/\/oliodorato.fr\/index.php\/produit\/bouteille-05l-delicate\/\" class=\"woocommerce-LoopProduct-link woocommerce-loop-product__link\"><img fetchpriority=\"high\" decoding=\"async\" width=\"300\" height=\"300\" src=\"https:\/\/oliodorato.fr\/wp-content\/uploads\/2026\/02\/tempImageBy7e6i-300x300.jpg\" class=\"attachment-woocommerce_thumbnail size-woocommerce_thumbnail\" alt=\"Bouteille 0,5L d\u00e9licate\" srcset=\"https:\/\/oliodorato.fr\/wp-content\/uploads\/2026\/02\/tempImageBy7e6i-300x300.jpg 300w, https:\/\/oliodorato.fr\/wp-content\/uploads\/2026\/02\/tempImageBy7e6i-150x150.jpg 150w, https:\/\/oliodorato.fr\/wp-content\/uploads\/2026\/02\/tempImageBy7e6i-100x100.jpg 100w\" sizes=\"(max-width: 300px) 100vw, 300px\" \/><h2 class=\"woocommerce-loop-product__title\">Bouteille 0,5L d\u00e9licate<\/h2>\n\t<span class=\"price\"><span class=\"woocommerce-Price-amount amount\"><bdi>18,00&nbsp;<span class=\"woocommerce-Price-currencySymbol\">&euro;<\/span><\/bdi><\/span><\/span>\n<\/a><a href=\"\/index.php\/wp-json\/wp\/v2\/pages\/6?add-to-cart=64\" aria-describedby=\"woocommerce_loop_add_to_cart_link_describedby_64\" data-quantity=\"1\" class=\"button product_type_simple add_to_cart_button ajax_add_to_cart\" data-product_id=\"64\" data-product_sku=\"\" aria-label=\"Ajouter au panier\u00a0: &ldquo;Bouteille 0,5L d\u00e9licate&rdquo;\" rel=\"nofollow\" data-success_message=\"\u00ab\u00a0Bouteille 0,5L d\u00e9licate\u00a0\u00bb a \u00e9t\u00e9 ajout\u00e9 \u00e0 votre panier\" role=\"button\">Ajouter au panier<\/a>\t<span id=\"woocommerce_loop_add_to_cart_link_describedby_64\" class=\"screen-reader-text\">\n\t\t\t<\/span>\n<\/li>\n<li class=\"product type-product post-62 status-publish instock product_cat-non-classe has-post-thumbnail shipping-taxable purchasable product-type-simple\">\n\t<a href=\"https:\/\/oliodorato.fr\/index.php\/produit\/bouteille-05l-elixir-prestige\/\" class=\"woocommerce-LoopProduct-link woocommerce-loop-product__link\"><img decoding=\"async\" width=\"300\" height=\"300\" src=\"https:\/\/oliodorato.fr\/wp-content\/uploads\/2026\/02\/tempImagezteW9t-300x300.jpg\" class=\"attachment-woocommerce_thumbnail size-woocommerce_thumbnail\" alt=\"Bouteille 0,5L \u00e9lixir prestige\" srcset=\"https:\/\/oliodorato.fr\/wp-content\/uploads\/2026\/02\/tempImagezteW9t-300x300.jpg 300w, https:\/\/oliodorato.fr\/wp-content\/uploads\/2026\/02\/tempImagezteW9t-150x150.jpg 150w, https:\/\/oliodorato.fr\/wp-content\/uploads\/2026\/02\/tempImagezteW9t-100x100.jpg 100w\" sizes=\"(max-width: 300px) 100vw, 300px\" \/><h2 class=\"woocommerce-loop-product__title\">Bouteille 0,5L \u00e9lixir prestige<\/h2>\n\t<span class=\"price\"><span class=\"woocommerce-Price-amount amount\"><bdi>20,00&nbsp;<span class=\"woocommerce-Price-currencySymbol\">&euro;<\/span><\/bdi><\/span><\/span>\n<\/a><a href=\"\/index.php\/wp-json\/wp\/v2\/pages\/6?add-to-cart=62\" aria-describedby=\"woocommerce_loop_add_to_cart_link_describedby_62\" data-quantity=\"1\" class=\"button product_type_simple add_to_cart_button ajax_add_to_cart\" data-product_id=\"62\" data-product_sku=\"\" aria-label=\"Ajouter au panier\u00a0: &ldquo;Bouteille 0,5L \u00e9lixir prestige&rdquo;\" rel=\"nofollow\" data-success_message=\"\u00ab\u00a0Bouteille 0,5L \u00e9lixir prestige\u00a0\u00bb a \u00e9t\u00e9 ajout\u00e9 \u00e0 votre panier\" role=\"button\">Ajouter au panier<\/a>\t<span id=\"woocommerce_loop_add_to_cart_link_describedby_62\" class=\"screen-reader-text\">\n\t\t\t<\/span>\n<\/li>\n<\/ul>\n<\/div>\t\t\t\t<\/div>\n\t\t\t\t<\/div>\n\t\t\t\t<\/div>\n\t\t\t\t<\/div>\n\t\t\t\t<\/div>\n\t\t<\/div>\n\t\t\t\t\t<div class=\"elementor-swiper-button elementor-swiper-button-prev\" role=\"button\" tabindex=\"0\" aria-label=\"Pr\u00e9c\u00e9dent\">\n\t\t\t\t<svg aria-hidden=\"true\" class=\"e-font-icon-svg e-eicon-chevron-left\" viewBox=\"0 0 1000 1000\" xmlns=\"http:\/\/www.w3.org\/2000\/svg\"><path d=\"M646 125C629 125 613 133 604 142L308 442C296 454 292 471 292 487 292 504 296 521 308 533L604 854C617 867 629 875 646 875 663 875 679 871 692 858 704 846 713 829 713 812 713 796 708 779 692 767L438 487 692 225C700 217 708 204 708 187 708 171 704 154 692 142 675 129 663 125 646 125Z\"><\/path><\/svg>\t\t\t<\/div>\n\t\t\t<div class=\"elementor-swiper-button elementor-swiper-button-next\" role=\"button\" tabindex=\"0\" aria-label=\"Suivant\">\n\t\t\t\t<svg aria-hidden=\"true\" class=\"e-font-icon-svg e-eicon-chevron-right\" viewBox=\"0 0 1000 1000\" xmlns=\"http:\/\/www.w3.org\/2000\/svg\"><path d=\"M696 533C708 521 713 504 713 487 713 471 708 454 696 446L400 146C388 133 375 125 354 125 338 125 325 129 313 142 300 154 292 171 292 187 292 204 296 221 308 233L563 492 304 771C292 783 288 800 288 817 288 833 296 850 308 863 321 871 338 875 354 875 371 875 388 867 400 854L696 533Z\"><\/path><\/svg>\t\t\t<\/div>\n\t\t\t\t\t<div class=\"swiper-pagination\"><\/div>\n\t\t\t\t\t\t<\/div>\n\t\t\t\t\t<\/div>\n\t\t\t\t<\/div>\n\t\t\t\t<\/div>\n\t\t","protected":false},"excerpt":{"rendered":"<p>Olio Dorato Cr\u00e9ateur d&rsquo;\u00e9motions Producteur d&rsquo;huile d&rsquo;olive Extra vierge, oliologue et d\u00e9nicheur de produits authentiques<\/p>\n","protected":false},"author":1,"featured_media":0,"parent":0,"menu_order":0,"comment_status":"closed","ping_status":"closed","template":"","meta":{"footnotes":""},"class_list":["post-6","page","type-page","status-publish","hentry"],"_links":{"self":[{"href":"https:\/\/oliodorato.fr\/index.php\/wp-json\/wp\/v2\/pages\/6","targetHints":{"allow":["GET"]}}],"collection":[{"href":"https:\/\/oliodorato.fr\/index.php\/wp-json\/wp\/v2\/pages"}],"about":[{"href":"https:\/\/oliodorato.fr\/index.php\/wp-json\/wp\/v2\/types\/page"}],"author":[{"embeddable":true,"href":"https:\/\/oliodorato.fr\/index.php\/wp-json\/wp\/v2\/users\/1"}],"replies":[{"embeddable":true,"href":"https:\/\/oliodorato.fr\/index.php\/wp-json\/wp\/v2\/comments?post=6"}],"version-history":[{"count":13,"href":"https:\/\/oliodorato.fr\/index.php\/wp-json\/wp\/v2\/pages\/6\/revisions"}],"predecessor-version":[{"id":75,"href":"https:\/\/oliodorato.fr\/index.php\/wp-json\/wp\/v2\/pages\/6\/revisions\/75"}],"wp:attachment":[{"href":"https:\/\/oliodorato.fr\/index.php\/wp-json\/wp\/v2\/media?parent=6"}],"curies":[{"name":"wp","href":"https:\/\/api.w.org\/{rel}","templated":true}]}}